{"id":191,"date":"2017-07-23T18:40:53","date_gmt":"2017-07-23T17:40:53","guid":{"rendered":"http:\/\/bien-etre-energies.fr\/?page_id=191"},"modified":"2020-05-11T13:09:30","modified_gmt":"2020-05-11T12:09:30","slug":"les-massages-de-bien-etre","status":"publish","type":"page","link":"http:\/\/bien-etre-energies.fr\/?page_id=191","title":{"rendered":"Les massages de bien-\u00eatre"},"content":{"rendered":"<p style=\"text-align: center;\"><strong>Le massage californien<\/strong><\/p>\n<p style=\"text-align: center;\">Se faire masser juste pour le plaisir : telle est la philosophie du massage californien, le plus sensuel et sensoriel de tous. Rien de tel pour renouer en douceur avec son corps.<\/p>\n<p><strong><u>L\u2019origine<\/u><\/strong><\/p>\n<p style=\"text-align: center;\">Le massage californien est apparu au d\u00e9but des ann\u00e9es 70, comme son nom l\u2019indique en Californie, pr\u00e8s de San Francisco. Il doit sa naissance aux nombreux groupes de th\u00e9rapies qui \u00e9mergeaient alors aux Etats-Unis et pr\u00f4naient la lib\u00e9ration des corps, l\u2019expression des sentiments et l\u2019\u00e9quilibre global de la personne. On y associait en effet les massages aux travaux th\u00e9rapeutiques en groupe.<br \/>\nC\u2019est dans ce contexte \u00ab new age \u00bb que la technique du massage californien s\u2019est peu \u00e0 peu d\u00e9velopp\u00e9e et professionnalis\u00e9e, avant de se populariser et de s\u2019\u00e9tendre au monde entier dans les ann\u00e9es 80.<\/p>\n<p><strong><u>Le protocole<\/u><\/strong><\/p>\n<p style=\"text-align: center;\">Le masseur utilise une huile de support permettant un meilleur glissage, g\u00e9n\u00e9ralement associ\u00e9e \u00e0 des huiles essentielles odorantes et relaxantes.<br \/>\nSa technique consiste \u00e0 envelopper et sculpter le corps dans sa totalit\u00e9 avec des mouvements de glissages, de p\u00e9trissages et d\u2019effleurage, en majorit\u00e9 ex\u00e9cut\u00e9s \u00e0 la surface de la peau. C\u2019est lent, doux et ample, les mains ex\u00e9cutant comme une chor\u00e9graphie harmonieuse sur le corps. Ce qui n\u2019emp\u00eache pas le masseur de suivre et respecter les lignes des m\u00e9ridiens, les points r\u00e9flexes et le trac\u00e9 musculaire du corps.<\/p>\n<p><strong><u>Les bienfaits<\/u><\/strong><\/p>\n<p style=\"text-align: center;\">Le massage californien s\u2019adresse avant tout aux personnes qui recherchent une v\u00e9ritable pause d\u00e9tente, un moment pour s\u2019abandonner et renouer avec son corps.<br \/>\nDoux, fond\u00e9 sur l\u2019\u00e9veil des sens, il favorise un l\u00e2cher prise b\u00e9n\u00e9fique aux personnes stress\u00e9es et surmen\u00e9es.<br \/>\nEn stimulant doucement les nombreuses terminaisons nerveuses de l\u2019organisme, il engendre \u00e9galement un retour \u00e0 l\u2019\u00e9quilibre nerveux.<br \/>\nPr\u00f4nant l\u2019int\u00e9riorisation, il permet de retrouver la richesse sensorielle inscrite dans le corps et de renouer avec les signaux que celui-ci envoie. L\u2019effet est donc physique, mais aussi psychologique puisqu\u2019il am\u00e9liore par ricochet la perception du sch\u00e9ma corporel, l\u2019\u00e9coute et l\u2019estime de soi, et favorise l\u2019\u00e9panouissement.<\/p>\n<div class=''><div class=\"fb-like\" data-href=\"http:\/\/bien-etre-energies.fr\/?page_id=191\" data-colorscheme=\"dark\" data-width=\"1600\" data-kid-directed-site=\"\" data-layout=\"standard\" data-action=\"like\" data-show-faces=\"true\" data-share=\"true\" ><\/div><\/div>","protected":false},"excerpt":{"rendered":"<p>Le massage californien Se faire masser juste pour le plaisir : telle est la philosophie du massage californien, le plus sensuel et sensoriel de tous. Rien de tel pour renouer en douceur avec son corps. L\u2019origine Le massage californien est apparu au d\u00e9but des ann\u00e9es 70, comme son nom l\u2019indique en Californie, pr\u00e8s de San &hellip; <a href=\"http:\/\/bien-etre-energies.fr\/?page_id=191\" class=\"more-link\">Continuer la lecture de <span class=\"screen-reader-text\">Les massages de bien-\u00eatre<\/span>  <span class=\"meta-nav\">&rarr;<\/span><\/a><\/p>\n","protected":false},"author":1,"featured_media":189,"parent":0,"menu_order":0,"comment_status":"open","ping_status":"closed","template":"","meta":{"_monsterinsights_skip_tracking":false,"_monsterinsights_sitenote_active":false,"_monsterinsights_sitenote_note":"","_monsterinsights_sitenote_category":0,"footnotes":""},"class_list":["post-191","page","type-page","status-publish","has-post-thumbnail","hentry"],"_links":{"self":[{"href":"http:\/\/bien-etre-energies.fr\/index.php?rest_route=\/wp\/v2\/pages\/191","targetHints":{"allow":["GET"]}}],"collection":[{"href":"http:\/\/bien-etre-energies.fr\/index.php?rest_route=\/wp\/v2\/pages"}],"about":[{"href":"http:\/\/bien-etre-energies.fr\/index.php?rest_route=\/wp\/v2\/types\/page"}],"author":[{"embeddable":true,"href":"http:\/\/bien-etre-energies.fr\/index.php?rest_route=\/wp\/v2\/users\/1"}],"replies":[{"embeddable":true,"href":"http:\/\/bien-etre-energies.fr\/index.php?rest_route=%2Fwp%2Fv2%2Fcomments&post=191"}],"version-history":[{"count":2,"href":"http:\/\/bien-etre-energies.fr\/index.php?rest_route=\/wp\/v2\/pages\/191\/revisions"}],"predecessor-version":[{"id":193,"href":"http:\/\/bien-etre-energies.fr\/index.php?rest_route=\/wp\/v2\/pages\/191\/revisions\/193"}],"wp:featuredmedia":[{"embeddable":true,"href":"http:\/\/bien-etre-energies.fr\/index.php?rest_route=\/wp\/v2\/media\/189"}],"wp:attachment":[{"href":"http:\/\/bien-etre-energies.fr\/index.php?rest_route=%2Fwp%2Fv2%2Fmedia&parent=191"}],"curies":[{"name":"wp","href":"https:\/\/api.w.org\/{rel}","templated":true}]}}