{"id":31,"date":"2014-02-26T14:32:32","date_gmt":"2014-02-26T13:32:32","guid":{"rendered":"http:\/\/bien-etre-energies.fr\/?page_id=31"},"modified":"2014-04-23T20:05:38","modified_gmt":"2014-04-23T19:05:38","slug":"le-reiki","status":"publish","type":"page","link":"http:\/\/bien-etre-energies.fr\/?page_id=31","title":{"rendered":"le reiki"},"content":{"rendered":"<p style=\"text-align: center;\"><strong>Les 5 principes du Reiki<\/strong><\/p>\n<p style=\"text-align: center;\">Chaque principe de Reiki est accompagn\u00e9<br \/>\nd&rsquo;une r\u00e9flexion<\/p>\n<p style=\"text-align: center;\">L&rsquo;art secret d&rsquo;inviter le bonheur dans sa vie, le rem\u00e8de spirituel contre tous les maux, rien qu&rsquo;aujourd&rsquo;hui :<\/p>\n<p style=\"text-align: center;\"><strong>NE TE METS PAS EN COL\u00c8RE<\/strong><\/p>\n<p style=\"text-align: center;\">Quand nous vivons la col\u00e8re, nous refusons souvent d&rsquo;accepter que son origine est en nous, y pr\u00e9f\u00e9rant alors un \u00ab\u00a0coupable\u00a0\u00bb ext\u00e9rieur. Ainsi nous entretenons le r\u00f4le de la \u00ab\u00a0pauvre victime\u00a0\u00bb avec tous les avantages que cela comporte. La col\u00e8re entretenue, nourrie et \u00ab\u00a0rumin\u00e9e\u00a0\u00bb est \u00e0 l&rsquo;origine de nombreuses maladies. Alors quel est \u00e0 l&rsquo;int\u00e9rieur de soi le d\u00e9clencheur de cette col\u00e8re ? Elle n&rsquo;a de sens que si elle nous am\u00e8ne \u00e0 rencontrer cette partie bless\u00e9e en nous, pour ensuite la gu\u00e9rir, la lib\u00e9rer.<\/p>\n<p style=\"text-align: center;\"><strong>NE TE FAIS PAS DE SOUCIS<\/strong><\/p>\n<p style=\"text-align: center;\">L&rsquo;inqui\u00e9tude et le souci sont li\u00e9s \u00e0 la peur. Ne laissons pas la peur mener et diriger notre vie. La peur est st\u00e9rile, elle bloque et nous emp\u00eache d&rsquo;avancer. Se soucier ne sert \u00e0 rien et ne change rien. Cela ne fait que nourrir la n\u00e9gativit\u00e9 d&rsquo;une situation. En prendre conscience est d\u00e9j\u00e0 une partie du chemin vers la lib\u00e9ration.<\/p>\n<p style=\"text-align: center;\"><strong>EXPRIME TA GRATITUDE ENVERS AUTRUI<\/strong><\/p>\n<p style=\"text-align: center;\">Accueillir les b\u00e9n\u00e9dictions de la vie, sans jugement, juste dans l&rsquo;ouverture du c\u0153ur, c&rsquo;est cela la gratitude. Remercions chaque \u00eatre, chaque situation, chaque chose pour ce qu&rsquo;elle nous am\u00e8ne \u00e0 rencontrer. Il y a toujours \u00e0 apprendre de tout et de tous. C&rsquo;est \u00e0 nous de choisir le meilleur et d&rsquo;en faire le ciment de notre vie.<\/p>\n<p style=\"text-align: center;\"><strong>TRAVAIL ET VIS HONN\u00caTEMENT<\/strong><\/p>\n<p style=\"text-align: center;\">Mener sa vie avec honn\u00eatet\u00e9, c&rsquo;est \u00eatre conscient que chacune de nos actions affecte les autres. Si nous cr\u00e9ons l&rsquo;harmonie en nous m\u00eame, nous contribuons \u00e0 cr\u00e9er l&rsquo;harmonie dans le monde. Ainsi d&rsquo;une certaine mani\u00e8re, l&rsquo;honn\u00eatet\u00e9 est contagieuse. Nous n&rsquo;incitons, ni par les lois, les religions ou les partis politiques, mais bien par l&rsquo;exemple.<\/p>\n<p style=\"text-align: center;\"><strong>SOIS BON ENVERS TOUT CE QUI VIT<\/strong><\/p>\n<p style=\"text-align: center;\">Toutes les formes de vies sont interconnect\u00e9es dans l&rsquo;univers. Respecter et honorer tout ce qui vit, revient tout d&rsquo;abord \u00e0 se respecter soi-m\u00eame, \u00e0 reconna\u00eetre cette unit\u00e9. Il est impossible de gagner s&rsquo;il faut pour cela que quelqu&rsquo;un perde. Ce concept gagnant\/perdant qui r\u00e8gne dans notre soci\u00e9t\u00e9 r\u00e9v\u00e8le un profond d\u00e9s\u00e9quilibre<br \/>\nLa bont\u00e9 envers autrui est donc la meilleure mani\u00e8re d&rsquo;attirer \u00e0 nous les gr\u00e2ces de la vie<\/p>\n<div class=''><div class=\"fb-like\" data-href=\"http:\/\/bien-etre-energies.fr\/?page_id=31\" data-colorscheme=\"dark\" data-width=\"1600\" data-kid-directed-site=\"\" data-layout=\"standard\" data-action=\"like\" data-show-faces=\"true\" data-share=\"true\" ><\/div><\/div>","protected":false},"excerpt":{"rendered":"<p>Les 5 principes du Reiki Chaque principe de Reiki est accompagn\u00e9 d&rsquo;une r\u00e9flexion L&rsquo;art secret d&rsquo;inviter le bonheur dans sa vie, le rem\u00e8de spirituel contre tous les maux, rien qu&rsquo;aujourd&rsquo;hui : NE TE METS PAS EN COL\u00c8RE Quand nous vivons la col\u00e8re, nous refusons souvent d&rsquo;accepter que son origine est en nous, y pr\u00e9f\u00e9rant alors &hellip; <a href=\"http:\/\/bien-etre-energies.fr\/?page_id=31\" class=\"more-link\">Continuer la lecture de <span class=\"screen-reader-text\">le reiki<\/span>  <span class=\"meta-nav\">&rarr;<\/span><\/a><\/p>\n","protected":false},"author":1,"featured_media":55,"parent":0,"menu_order":2,"comment_status":"open","ping_status":"open","template":"","meta":{"_monsterinsights_skip_tracking":false,"_monsterinsights_sitenote_active":false,"_monsterinsights_sitenote_note":"","_monsterinsights_sitenote_category":0,"footnotes":""},"class_list":["post-31","page","type-page","status-publish","has-post-thumbnail","hentry"],"_links":{"self":[{"href":"http:\/\/bien-etre-energies.fr\/index.php?rest_route=\/wp\/v2\/pages\/31","targetHints":{"allow":["GET"]}}],"collection":[{"href":"http:\/\/bien-etre-energies.fr\/index.php?rest_route=\/wp\/v2\/pages"}],"about":[{"href":"http:\/\/bien-etre-energies.fr\/index.php?rest_route=\/wp\/v2\/types\/page"}],"author":[{"embeddable":true,"href":"http:\/\/bien-etre-energies.fr\/index.php?rest_route=\/wp\/v2\/users\/1"}],"replies":[{"embeddable":true,"href":"http:\/\/bien-etre-energies.fr\/index.php?rest_route=%2Fwp%2Fv2%2Fcomments&post=31"}],"version-history":[{"count":6,"href":"http:\/\/bien-etre-energies.fr\/index.php?rest_route=\/wp\/v2\/pages\/31\/revisions"}],"predecessor-version":[{"id":103,"href":"http:\/\/bien-etre-energies.fr\/index.php?rest_route=\/wp\/v2\/pages\/31\/revisions\/103"}],"wp:featuredmedia":[{"embeddable":true,"href":"http:\/\/bien-etre-energies.fr\/index.php?rest_route=\/wp\/v2\/media\/55"}],"wp:attachment":[{"href":"http:\/\/bien-etre-energies.fr\/index.php?rest_route=%2Fwp%2Fv2%2Fmedia&parent=31"}],"curies":[{"name":"wp","href":"https:\/\/api.w.org\/{rel}","templated":true}]}}