{"id":70,"date":"2014-02-27T22:49:51","date_gmt":"2014-02-27T21:49:51","guid":{"rendered":"http:\/\/bien-etre-energies.fr\/?page_id=70"},"modified":"2017-07-23T19:53:13","modified_gmt":"2017-07-23T18:53:13","slug":"contact","status":"publish","type":"page","link":"http:\/\/bien-etre-energies.fr\/?page_id=70","title":{"rendered":"contact"},"content":{"rendered":"<p style=\"text-align: right;\"><a href=\"http:\/\/bien-etre-energies.fr\/wp-content\/uploads\/yin-yang121.jpg\"> <img loading=\"lazy\" decoding=\"async\" class=\"size-medium wp-image-72\" src=\"http:\/\/bien-etre-energies.fr\/wp-content\/uploads\/yin-yang121-300x300.jpg\" alt=\"yin-yang[1]2\" width=\"300\" height=\"300\" srcset=\"http:\/\/bien-etre-energies.fr\/wp-content\/uploads\/yin-yang121-300x300.jpg 300w, http:\/\/bien-etre-energies.fr\/wp-content\/uploads\/yin-yang121-150x150.jpg 150w, http:\/\/bien-etre-energies.fr\/wp-content\/uploads\/yin-yang121.jpg 308w\" sizes=\"auto, (max-width: 300px) 100vw, 300px\" \/><\/a><\/p>\n<p style=\"text-align: center;\">Je vous propose des soins<br \/>\n\u00e9nerg\u00e9tiques. Id\u00e9al pour<br \/>\nvaincre le stress, le surmenage, les<br \/>\nprobl\u00e8mes de peau,&#8230; Redevenez<br \/>\nvous-m\u00eame!<\/p>\n<p style=\"text-align: center;\">Je pratique \u00e9galement des soins de<br \/>\nBIEN-\u00caTRE \u00e0 base d&rsquo;huiles<br \/>\nessentielles, adapt\u00e9s \u00e0 chacun, tels que les massages Californiens\/Su\u00e9dois, les massages aux pierres chaudes,&#8230;<\/p>\n<p style=\"text-align: center;\">Je me d\u00e9place.<\/p>\n<p style=\"text-align: center;\">bien.etre.energies@free.fr<\/p>\n<p style=\"text-align: center;\">Je suis praticien certifi\u00e9 en massage de bien-\u00eatre par l&rsquo;\u00e9cole de massage AZENDAY de Paris.<\/p>\n<p style=\"text-align: center;\">N\u00b0Siren: 828 457 994<\/p>\n<p>&nbsp;<\/p>\n<div class=''><div class=\"fb-like\" data-href=\"http:\/\/bien-etre-energies.fr\/?page_id=70\" data-colorscheme=\"dark\" data-width=\"1600\" data-kid-directed-site=\"\" data-layout=\"standard\" data-action=\"like\" data-show-faces=\"true\" data-share=\"true\" ><\/div><\/div>","protected":false},"excerpt":{"rendered":"<p>Je vous propose des soins \u00e9nerg\u00e9tiques. Id\u00e9al pour vaincre le stress, le surmenage, les probl\u00e8mes de peau,&#8230; Redevenez vous-m\u00eame! Je pratique \u00e9galement des soins de BIEN-\u00caTRE \u00e0 base d&rsquo;huiles essentielles, adapt\u00e9s \u00e0 chacun, tels que les massages Californiens\/Su\u00e9dois, les massages aux pierres chaudes,&#8230; Je me d\u00e9place. bien.etre.energies@free.fr Je suis praticien certifi\u00e9 en massage de bien-\u00eatre &hellip; <a href=\"http:\/\/bien-etre-energies.fr\/?page_id=70\" class=\"more-link\">Continuer la lecture de <span class=\"screen-reader-text\">contact<\/span>  <span class=\"meta-nav\">&rarr;<\/span><\/a><\/p>\n","protected":false},"author":1,"featured_media":8,"parent":0,"menu_order":7,"comment_status":"open","ping_status":"open","template":"","meta":{"_monsterinsights_skip_tracking":false,"_monsterinsights_sitenote_active":false,"_monsterinsights_sitenote_note":"","_monsterinsights_sitenote_category":0,"footnotes":""},"class_list":["post-70","page","type-page","status-publish","has-post-thumbnail","hentry"],"_links":{"self":[{"href":"http:\/\/bien-etre-energies.fr\/index.php?rest_route=\/wp\/v2\/pages\/70","targetHints":{"allow":["GET"]}}],"collection":[{"href":"http:\/\/bien-etre-energies.fr\/index.php?rest_route=\/wp\/v2\/pages"}],"about":[{"href":"http:\/\/bien-etre-energies.fr\/index.php?rest_route=\/wp\/v2\/types\/page"}],"author":[{"embeddable":true,"href":"http:\/\/bien-etre-energies.fr\/index.php?rest_route=\/wp\/v2\/users\/1"}],"replies":[{"embeddable":true,"href":"http:\/\/bien-etre-energies.fr\/index.php?rest_route=%2Fwp%2Fv2%2Fcomments&post=70"}],"version-history":[{"count":5,"href":"http:\/\/bien-etre-energies.fr\/index.php?rest_route=\/wp\/v2\/pages\/70\/revisions"}],"predecessor-version":[{"id":196,"href":"http:\/\/bien-etre-energies.fr\/index.php?rest_route=\/wp\/v2\/pages\/70\/revisions\/196"}],"wp:featuredmedia":[{"embeddable":true,"href":"http:\/\/bien-etre-energies.fr\/index.php?rest_route=\/wp\/v2\/media\/8"}],"wp:attachment":[{"href":"http:\/\/bien-etre-energies.fr\/index.php?rest_route=%2Fwp%2Fv2%2Fmedia&parent=70"}],"curies":[{"name":"wp","href":"https:\/\/api.w.org\/{rel}","templated":true}]}}